{"id":3300,"date":"2024-08-14T16:40:02","date_gmt":"2024-08-14T19:40:02","guid":{"rendered":"https:\/\/www.laninia.com\/?page_id=3300"},"modified":"2024-08-15T07:15:24","modified_gmt":"2024-08-15T10:15:24","slug":"elementor-3300","status":"publish","type":"page","link":"https:\/\/www.laninia.com\/es\/","title":{"rendered":"Ninia"},"content":{"rendered":"<div data-elementor-type=\"wp-page\" data-elementor-id=\"3300\" class=\"elementor elementor-3300\" data-elementor-settings=\"[]\">\n\t\t\t\t\t\t\t<div class=\"elementor-section-wrap\">\n\t\t\t\t\t\t\t<section class=\"has_ma_el_bg_slider ob-is-breaking-bad elementor-section elementor-top-section elementor-element elementor-element-27d8282 elementor-section-boxed elementor-section-height-default elementor-section-height-default jltma-glass-effect-no\" data-id=\"27d8282\" data-element_type=\"section\" data-settings=\"{&quot;_ob_bbad_use_it&quot;:&quot;yes&quot;,&quot;_ob_bbad_sssic_use&quot;:&quot;no&quot;,&quot;_ob_glider_is_slider&quot;:&quot;no&quot;}\">\n\t\t\t\t\t\t<div class=\"elementor-container elementor-column-gap-default\">\n\t\t\t\t\t<div class=\"has_ma_el_bg_slider elementor-column elementor-col-100 elementor-top-column elementor-element elementor-element-ed20b66 jltma-glass-effect-no\" data-id=\"ed20b66\" data-element_type=\"column\" data-settings=\"{&quot;_ob_bbad_is_stalker&quot;:&quot;no&quot;,&quot;_ob_teleporter_use&quot;:false,&quot;_ob_column_hoveranimator&quot;:&quot;no&quot;,&quot;_ob_column_has_pseudo&quot;:&quot;no&quot;}\">\n\t\t\t<div class=\"elementor-widget-wrap elementor-element-populated\">\n\t\t\t\t\t\t\t\t<div class=\"elementor-element elementor-element-178c860 jltma-glass-effect-no elementor-widget elementor-widget-spacer\" data-id=\"178c860\" data-element_type=\"widget\" data-settings=\"{&quot;_ob_spacerat_use&quot;:&quot;no&quot;,&quot;_ob_perspektive_use&quot;:&quot;no&quot;,&quot;_ob_shadough_use&quot;:&quot;no&quot;,&quot;_ob_allow_hoveranimator&quot;:&quot;no&quot;,&quot;_ob_widget_stalker_use&quot;:&quot;no&quot;}\" data-widget_type=\"spacer.default\">\n\t\t\t\t<div class=\"elementor-widget-container\">\n\t\t\t\t\t<div class=\"elementor-spacer\">\n\t\t\t<div class=\"elementor-spacer-inner\"><\/div>\n\t\t<\/div>\n\t\t\t\t<\/div>\n\t\t\t\t<\/div>\n\t\t\t\t\t<\/div>\n\t\t<\/div>\n\t\t\t\t\t\t\t<\/div>\n\t\t<\/section>\n\t\t\t\t<section class=\"has_ma_el_bg_slider ob-is-breaking-bad elementor-section elementor-top-section elementor-element elementor-element-1ed712a elementor-section-boxed elementor-section-height-default elementor-section-height-default jltma-glass-effect-no\" data-id=\"1ed712a\" data-element_type=\"section\" data-settings=\"{&quot;_ob_bbad_use_it&quot;:&quot;yes&quot;,&quot;_ob_bbad_sssic_use&quot;:&quot;no&quot;,&quot;_ob_glider_is_slider&quot;:&quot;no&quot;}\">\n\t\t\t\t\t\t<div class=\"elementor-container elementor-column-gap-default\">\n\t\t\t\t\t<div class=\"has_ma_el_bg_slider elementor-column elementor-col-33 elementor-top-column elementor-element elementor-element-1a5e3a8 jltma-glass-effect-no\" data-id=\"1a5e3a8\" data-element_type=\"column\" data-settings=\"{&quot;_ob_bbad_is_stalker&quot;:&quot;no&quot;,&quot;_ob_teleporter_use&quot;:false,&quot;_ob_column_hoveranimator&quot;:&quot;no&quot;,&quot;_ob_column_has_pseudo&quot;:&quot;no&quot;}\">\n\t\t\t<div class=\"elementor-widget-wrap elementor-element-populated\">\n\t\t\t\t\t\t\t\t<div data-jltma-wrapper-link=\"{&quot;url&quot;:&quot;https:\\\/\\\/www.laninia.com\\\/&quot;,&quot;is_external&quot;:&quot;on&quot;,&quot;nofollow&quot;:&quot;&quot;,&quot;custom_attributes&quot;:&quot;&quot;}\" style=\"cursor: pointer\" class=\"elementor-element elementor-element-fd3da49 jltma-glass-effect-no elementor-widget elementor-widget-image\" data-id=\"fd3da49\" data-element_type=\"widget\" data-settings=\"{&quot;_ob_photomorph_use&quot;:&quot;no&quot;,&quot;_ob_perspektive_use&quot;:&quot;no&quot;,&quot;_ob_shadough_use&quot;:&quot;no&quot;,&quot;_ob_allow_hoveranimator&quot;:&quot;no&quot;,&quot;_ob_widget_stalker_use&quot;:&quot;no&quot;}\" data-widget_type=\"image.default\">\n\t\t\t\t<div class=\"elementor-widget-container\">\n\t\t\t\t\t\t\t\t\t\t\t\t\t\t\t<img width=\"280\" height=\"69\" src=\"https:\/\/www.laninia.com\/wp-content\/uploads\/2024\/08\/WEB-TOMBRASNIN\u0303A-ai.png\" class=\"attachment-medium size-medium\" alt=\"\" loading=\"lazy\" srcset=\"https:\/\/www.laninia.com\/wp-content\/uploads\/2024\/08\/WEB-TOMBRASNIN\u0303A-ai.png 280w, https:\/\/www.laninia.com\/wp-content\/uploads\/2024\/08\/WEB-TOMBRASNIN\u0303A-ai-18x4.png 18w\" sizes=\"(max-width: 280px) 100vw, 280px\" \/>\t\t\t\t\t\t\t\t\t\t\t\t\t\t\t<\/div>\n\t\t\t\t<\/div>\n\t\t\t\t<div class=\"elementor-element elementor-element-e4753ab jltma-glass-effect-no elementor-widget elementor-widget-spacer\" data-id=\"e4753ab\" data-element_type=\"widget\" data-settings=\"{&quot;_ob_spacerat_use&quot;:&quot;no&quot;,&quot;_ob_perspektive_use&quot;:&quot;no&quot;,&quot;_ob_shadough_use&quot;:&quot;no&quot;,&quot;_ob_allow_hoveranimator&quot;:&quot;no&quot;,&quot;_ob_widget_stalker_use&quot;:&quot;no&quot;}\" data-widget_type=\"spacer.default\">\n\t\t\t\t<div class=\"elementor-widget-container\">\n\t\t\t\t\t<div class=\"elementor-spacer\">\n\t\t\t<div class=\"elementor-spacer-inner\"><\/div>\n\t\t<\/div>\n\t\t\t\t<\/div>\n\t\t\t\t<\/div>\n\t\t\t\t<div class=\"elementor-element elementor-element-8fe3ec0 jltma-glass-effect-no elementor-widget elementor-widget-image\" data-id=\"8fe3ec0\" data-element_type=\"widget\" id=\"imgDesk\" data-settings=\"{&quot;_ob_photomorph_use&quot;:&quot;no&quot;,&quot;_ob_perspektive_use&quot;:&quot;no&quot;,&quot;_ob_shadough_use&quot;:&quot;no&quot;,&quot;_ob_allow_hoveranimator&quot;:&quot;no&quot;,&quot;_ob_widget_stalker_use&quot;:&quot;no&quot;}\" data-widget_type=\"image.default\">\n\t\t\t\t<div class=\"elementor-widget-container\">\n\t\t\t\t\t\t\t\t\t\t\t\t\t\t\t<img width=\"768\" height=\"837\" src=\"https:\/\/www.laninia.com\/wp-content\/uploads\/2024\/08\/240813_foto_main_00128_armado-min-768x837.webp\" class=\"attachment-medium_large size-medium_large\" alt=\"\" loading=\"lazy\" srcset=\"https:\/\/www.laninia.com\/wp-content\/uploads\/2024\/08\/240813_foto_main_00128_armado-min-768x837.webp 768w, https:\/\/www.laninia.com\/wp-content\/uploads\/2024\/08\/240813_foto_main_00128_armado-min-275x300.webp 275w, https:\/\/www.laninia.com\/wp-content\/uploads\/2024\/08\/240813_foto_main_00128_armado-min-11x12.webp 11w, https:\/\/www.laninia.com\/wp-content\/uploads\/2024\/08\/240813_foto_main_00128_armado-min.webp 800w\" sizes=\"(max-width: 768px) 100vw, 768px\" \/>\t\t\t\t\t\t\t\t\t\t\t\t\t\t\t<\/div>\n\t\t\t\t<\/div>\n\t\t\t\t\t<\/div>\n\t\t<\/div>\n\t\t\t\t<div class=\"has_ma_el_bg_slider elementor-column elementor-col-66 elementor-top-column elementor-element elementor-element-528fd2a jltma-glass-effect-no\" data-id=\"528fd2a\" data-element_type=\"column\" data-settings=\"{&quot;_ob_bbad_is_stalker&quot;:&quot;no&quot;,&quot;_ob_teleporter_use&quot;:false,&quot;_ob_column_hoveranimator&quot;:&quot;no&quot;,&quot;_ob_column_has_pseudo&quot;:&quot;no&quot;}\">\n\t\t\t<div class=\"elementor-widget-wrap elementor-element-populated\">\n\t\t\t\t\t\t\t\t<div class=\"elementor-element elementor-element-e190867 ob-harakiri-inherit jltma-glass-effect-no elementor-widget elementor-widget-heading\" data-id=\"e190867\" data-element_type=\"widget\" data-settings=\"{&quot;_ob_harakiri_writing_mode&quot;:&quot;inherit&quot;,&quot;_ob_perspektive_use&quot;:&quot;no&quot;,&quot;_ob_shadough_use&quot;:&quot;no&quot;,&quot;_ob_allow_hoveranimator&quot;:&quot;no&quot;,&quot;_ob_widget_stalker_use&quot;:&quot;no&quot;}\" data-widget_type=\"heading.default\">\n\t\t\t\t<div class=\"elementor-widget-container\">\n\t\t\t<h2 class=\"elementor-heading-title elementor-size-default\">Breaking\nnews<\/h2>\t\t<\/div>\n\t\t\t\t<\/div>\n\t\t\t\t<div class=\"elementor-element elementor-element-420f838 jltma-glass-effect-no elementor-widget elementor-widget-image\" data-id=\"420f838\" data-element_type=\"widget\" id=\"imgMob\" data-settings=\"{&quot;_ob_photomorph_use&quot;:&quot;no&quot;,&quot;_ob_perspektive_use&quot;:&quot;no&quot;,&quot;_ob_shadough_use&quot;:&quot;no&quot;,&quot;_ob_allow_hoveranimator&quot;:&quot;no&quot;,&quot;_ob_widget_stalker_use&quot;:&quot;no&quot;}\" data-widget_type=\"image.default\">\n\t\t\t\t<div class=\"elementor-widget-container\">\n\t\t\t\t\t\t\t\t\t\t\t\t\t\t\t<img width=\"768\" height=\"837\" src=\"https:\/\/www.laninia.com\/wp-content\/uploads\/2024\/08\/240813_foto_main_00128_armado-min-768x837.webp\" class=\"attachment-medium_large size-medium_large\" alt=\"\" loading=\"lazy\" srcset=\"https:\/\/www.laninia.com\/wp-content\/uploads\/2024\/08\/240813_foto_main_00128_armado-min-768x837.webp 768w, https:\/\/www.laninia.com\/wp-content\/uploads\/2024\/08\/240813_foto_main_00128_armado-min-275x300.webp 275w, https:\/\/www.laninia.com\/wp-content\/uploads\/2024\/08\/240813_foto_main_00128_armado-min-11x12.webp 11w, https:\/\/www.laninia.com\/wp-content\/uploads\/2024\/08\/240813_foto_main_00128_armado-min.webp 800w\" sizes=\"(max-width: 768px) 100vw, 768px\" \/>\t\t\t\t\t\t\t\t\t\t\t\t\t\t\t<\/div>\n\t\t\t\t<\/div>\n\t\t\t\t<div class=\"elementor-element elementor-element-76b7c01 ob-harakiri-inherit jltma-glass-effect-no elementor-widget elementor-widget-text-editor\" data-id=\"76b7c01\" data-element_type=\"widget\" data-settings=\"{&quot;_ob_harakiri_writing_mode&quot;:&quot;inherit&quot;,&quot;_ob_perspektive_use&quot;:&quot;no&quot;,&quot;_ob_shadough_use&quot;:&quot;no&quot;,&quot;_ob_allow_hoveranimator&quot;:&quot;no&quot;,&quot;_ob_widget_stalker_use&quot;:&quot;no&quot;}\" data-widget_type=\"text-editor.default\">\n\t\t\t\t<div class=\"elementor-widget-container\">\n\t\t\t\t\t\t\t\t<p>Independent global advertising agency <strong>Tombras<\/strong> announced today the acquisition of <strong>Ni\u00f1a<\/strong>, the renowned Buenos Aires hot shop. This strategic move aims to increase Tombras\u2019 global footprint, taps the agency into the acclaimed Argentinian talent market, and provides new growth opportunities.<\/p><p>La agencia global de publicidad independiente <strong>Tombras<\/strong> anunci\u00f3 hoy la adquisici\u00f3n de <strong>Ni\u00f1a<\/strong>, la reconocida hot shop de Buenos Aires. Este movimiento estrat\u00e9gico tiene como objetivo aumentar la presencia global de Tombras, aprovechar el aclamado mercado de talento argentino y proporcionar nuevas oportunidades de crecimiento.<\/p>\t\t\t\t\t\t<\/div>\n\t\t\t\t<\/div>\n\t\t\t\t<section class=\"has_ma_el_bg_slider ob-is-breaking-bad ob-bb-inner elementor-section elementor-inner-section elementor-element elementor-element-0034d49 elementor-section-boxed elementor-section-height-default elementor-section-height-default jltma-glass-effect-no\" data-id=\"0034d49\" data-element_type=\"section\" data-settings=\"{&quot;_ob_bbad_use_it&quot;:&quot;yes&quot;,&quot;_ob_bbad_sssic_use&quot;:&quot;no&quot;,&quot;_ob_glider_is_slider&quot;:&quot;no&quot;}\">\n\t\t\t\t\t\t<div class=\"elementor-container elementor-column-gap-default\">\n\t\t\t\t\t<div class=\"has_ma_el_bg_slider elementor-column elementor-col-50 elementor-inner-column elementor-element elementor-element-46c3906 jltma-glass-effect-no\" data-id=\"46c3906\" data-element_type=\"column\" data-settings=\"{&quot;_ob_bbad_is_stalker&quot;:&quot;no&quot;,&quot;_ob_teleporter_use&quot;:false,&quot;_ob_column_hoveranimator&quot;:&quot;no&quot;,&quot;_ob_column_has_pseudo&quot;:&quot;no&quot;}\">\n\t\t\t<div class=\"elementor-widget-wrap elementor-element-populated\">\n\t\t\t\t\t\t\t\t<div class=\"elementor-element elementor-element-a7bc26e jltma-glass-effect-no elementor-widget elementor-widget-html\" data-id=\"a7bc26e\" data-element_type=\"widget\" data-settings=\"{&quot;_ob_perspektive_use&quot;:&quot;no&quot;,&quot;_ob_shadough_use&quot;:&quot;no&quot;,&quot;_ob_allow_hoveranimator&quot;:&quot;no&quot;,&quot;_ob_widget_stalker_use&quot;:&quot;no&quot;}\" data-widget_type=\"html.default\">\n\t\t\t\t<div class=\"elementor-widget-container\">\n\t\t\t<a id=\"apress\" target=\"_blank\" href=\"https:\/\/www.adlatina.com\/publicidad\/nina-se-suma-a-la-agencia-global-independiente-tombras\">Press<\/a>\t\t<\/div>\n\t\t\t\t<\/div>\n\t\t\t\t\t<\/div>\n\t\t<\/div>\n\t\t\t\t<div class=\"has_ma_el_bg_slider elementor-column elementor-col-50 elementor-inner-column elementor-element elementor-element-c323df0 jltma-glass-effect-no\" data-id=\"c323df0\" data-element_type=\"column\" data-settings=\"{&quot;_ob_bbad_is_stalker&quot;:&quot;no&quot;,&quot;_ob_teleporter_use&quot;:false,&quot;_ob_column_hoveranimator&quot;:&quot;no&quot;,&quot;_ob_column_has_pseudo&quot;:&quot;no&quot;}\">\n\t\t\t<div class=\"elementor-widget-wrap elementor-element-populated\">\n\t\t\t\t\t\t\t\t<div class=\"elementor-element elementor-element-46206f9 jltma-glass-effect-no elementor-widget elementor-widget-html\" data-id=\"46206f9\" data-element_type=\"widget\" data-settings=\"{&quot;_ob_perspektive_use&quot;:&quot;no&quot;,&quot;_ob_shadough_use&quot;:&quot;no&quot;,&quot;_ob_allow_hoveranimator&quot;:&quot;no&quot;,&quot;_ob_widget_stalker_use&quot;:&quot;no&quot;}\" data-widget_type=\"html.default\">\n\t\t\t\t<div class=\"elementor-widget-container\">\n\t\t\t<a id=\"atombras\" target=\"_blank\" class=\"adual\" href=\"https:\/\/tombras.com\/\">tombras.com<\/a>\n\n<a id=\"aninaWork\" target=\"_blank\" class=\"adual\" href=\"https:\/\/www.laninia.com\/es\/home\/\">laninia.com\/work<\/a>\t\t<\/div>\n\t\t\t\t<\/div>\n\t\t\t\t\t<\/div>\n\t\t<\/div>\n\t\t\t\t\t\t\t<\/div>\n\t\t<\/section>\n\t\t\t\t\t<\/div>\n\t\t<\/div>\n\t\t\t\t\t\t\t<\/div>\n\t\t<\/section>\n\t\t\t\t<section class=\"has_ma_el_bg_slider ob-is-breaking-bad elementor-section elementor-top-section elementor-element elementor-element-d654c2d elementor-section-boxed elementor-section-height-default elementor-section-height-default jltma-glass-effect-no\" data-id=\"d654c2d\" data-element_type=\"section\" data-settings=\"{&quot;_ob_bbad_use_it&quot;:&quot;yes&quot;,&quot;_ob_bbad_sssic_use&quot;:&quot;no&quot;,&quot;_ob_glider_is_slider&quot;:&quot;no&quot;}\">\n\t\t\t\t\t\t<div class=\"elementor-container elementor-column-gap-default\">\n\t\t\t\t\t<div class=\"has_ma_el_bg_slider elementor-column elementor-col-100 elementor-top-column elementor-element elementor-element-c3bc454 jltma-glass-effect-no\" data-id=\"c3bc454\" data-element_type=\"column\" data-settings=\"{&quot;_ob_bbad_is_stalker&quot;:&quot;no&quot;,&quot;_ob_teleporter_use&quot;:false,&quot;_ob_column_hoveranimator&quot;:&quot;no&quot;,&quot;_ob_column_has_pseudo&quot;:&quot;no&quot;}\">\n\t\t\t<div class=\"elementor-widget-wrap elementor-element-populated\">\n\t\t\t\t\t\t\t\t<div class=\"elementor-element elementor-element-cd028cb jltma-glass-effect-no elementor-widget elementor-widget-spacer\" data-id=\"cd028cb\" data-element_type=\"widget\" data-settings=\"{&quot;_ob_spacerat_use&quot;:&quot;no&quot;,&quot;_ob_perspektive_use&quot;:&quot;no&quot;,&quot;_ob_shadough_use&quot;:&quot;no&quot;,&quot;_ob_allow_hoveranimator&quot;:&quot;no&quot;,&quot;_ob_widget_stalker_use&quot;:&quot;no&quot;}\" data-widget_type=\"spacer.default\">\n\t\t\t\t<div class=\"elementor-widget-container\">\n\t\t\t\t\t<div class=\"elementor-spacer\">\n\t\t\t<div class=\"elementor-spacer-inner\"><\/div>\n\t\t<\/div>\n\t\t\t\t<\/div>\n\t\t\t\t<\/div>\n\t\t\t\t\t<\/div>\n\t\t<\/div>\n\t\t\t\t\t\t\t<\/div>\n\t\t<\/section>\n\t\t\t\t\t\t<\/div>\n\t\t\t\t\t<\/div>","protected":false},"excerpt":{"rendered":"<p>Breaking news Independent global advertising agency Tombras announced today the acquisition of Ni\u00f1a, the renowned Buenos Aires hot shop. This strategic move aims to increase Tombras\u2019 global footprint, taps the agency into the acclaimed Argentinian talent market, and provides new growth opportunities. La agencia global de publicidad independiente Tombras anunci\u00f3 hoy la adquisici\u00f3n de Ni\u00f1a, &hellip;<\/p>\n<p class=\"read-more\"> <a class=\"\" href=\"https:\/\/www.laninia.com\/es\/\"> <span class=\"screen-reader-text\">Ninia<\/span> Leer m\u00e1s &raquo;<\/a><\/p>","protected":false},"author":1,"featured_media":0,"parent":0,"menu_order":0,"comment_status":"closed","ping_status":"closed","template":"","meta":{"site-sidebar-layout":"no-sidebar","site-content-layout":"page-builder","ast-main-header-display":"","ast-hfb-above-header-display":"","ast-hfb-below-header-display":"","ast-hfb-mobile-header-display":"","site-post-title":"disabled","ast-breadcrumbs-content":"","ast-featured-img":"disabled","footer-sml-layout":"","theme-transparent-header-meta":"","adv-header-id-meta":null,"stick-header-meta":null,"header-above-stick-meta":null,"header-main-stick-meta":null,"header-below-stick-meta":null},"yoast_head":"<!-- This site is optimized with the Yoast SEO plugin v17.8 - https:\/\/yoast.com\/wordpress\/plugins\/seo\/ -->\n<title>Ninia - Ni&ntilde;a<\/title>\n<meta name=\"robots\" content=\"index, follow, max-snippet:-1, max-image-preview:large, max-video-preview:-1\" \/>\n<link rel=\"canonical\" href=\"https:\/\/www.laninia.com\/es\/\" \/>\n<meta property=\"og:locale\" content=\"es_ES\" \/>\n<meta property=\"og:type\" content=\"article\" \/>\n<meta property=\"og:title\" content=\"Ninia - Ni&ntilde;a\" \/>\n<meta property=\"og:description\" content=\"Breaking news Independent global advertising agency Tombras announced today the acquisition of Ni\u00f1a, the renowned Buenos Aires hot shop. This strategic move aims to increase Tombras\u2019 global footprint, taps the agency into the acclaimed Argentinian talent market, and provides new growth opportunities. La agencia global de publicidad independiente Tombras anunci\u00f3 hoy la adquisici\u00f3n de Ni\u00f1a, &hellip; Ninia Leer m\u00e1s &raquo;\" \/>\n<meta property=\"og:url\" content=\"https:\/\/www.laninia.com\/es\/\" \/>\n<meta property=\"og:site_name\" content=\"Ni&ntilde;a\" \/>\n<meta property=\"article:modified_time\" content=\"2024-08-15T10:15:24+00:00\" \/>\n<meta property=\"og:image\" content=\"https:\/\/www.laninia.com\/wp-content\/uploads\/2024\/08\/WEB-TOMBRASNIN\u0303A-ai.png\" \/>\n<meta name=\"twitter:card\" content=\"summary_large_image\" \/>\n<meta name=\"twitter:label1\" content=\"Tiempo de lectura\" \/>\n\t<meta name=\"twitter:data1\" content=\"2 minutos\" \/>\n<script type=\"application\/ld+json\" class=\"yoast-schema-graph\">{\"@context\":\"https:\/\/schema.org\",\"@graph\":[{\"@type\":\"WebSite\",\"@id\":\"https:\/\/www.laninia.com\/#website\",\"url\":\"https:\/\/www.laninia.com\/\",\"name\":\"Ni&ntilde;a\",\"description\":\"\",\"potentialAction\":[{\"@type\":\"SearchAction\",\"target\":{\"@type\":\"EntryPoint\",\"urlTemplate\":\"https:\/\/www.laninia.com\/?s={search_term_string}\"},\"query-input\":\"required name=search_term_string\"}],\"inLanguage\":\"es\"},{\"@type\":\"ImageObject\",\"@id\":\"https:\/\/www.laninia.com\/#primaryimage\",\"inLanguage\":\"es\",\"url\":\"https:\/\/www.laninia.com\/wp-content\/uploads\/2024\/08\/WEB-TOMBRASNIN\\u0303A-ai.png\",\"contentUrl\":\"https:\/\/www.laninia.com\/wp-content\/uploads\/2024\/08\/WEB-TOMBRASNIN\\u0303A-ai.png\",\"width\":280,\"height\":69},{\"@type\":\"WebPage\",\"@id\":\"https:\/\/www.laninia.com\/#webpage\",\"url\":\"https:\/\/www.laninia.com\/\",\"name\":\"Ninia - Ni&ntilde;a\",\"isPartOf\":{\"@id\":\"https:\/\/www.laninia.com\/#website\"},\"primaryImageOfPage\":{\"@id\":\"https:\/\/www.laninia.com\/#primaryimage\"},\"datePublished\":\"2024-08-14T19:40:02+00:00\",\"dateModified\":\"2024-08-15T10:15:24+00:00\",\"breadcrumb\":{\"@id\":\"https:\/\/www.laninia.com\/#breadcrumb\"},\"inLanguage\":\"es\",\"potentialAction\":[{\"@type\":\"ReadAction\",\"target\":[\"https:\/\/www.laninia.com\/\"]}]},{\"@type\":\"BreadcrumbList\",\"@id\":\"https:\/\/www.laninia.com\/#breadcrumb\",\"itemListElement\":[{\"@type\":\"ListItem\",\"position\":1,\"name\":\"Inicio\",\"item\":\"https:\/\/www.laninia.com\/\"},{\"@type\":\"ListItem\",\"position\":2,\"name\":\"Ninia\"}]}]}<\/script>\n<!-- \/ Yoast SEO plugin. -->","yoast_head_json":{"title":"Ninia - Ni&ntilde;a","robots":{"index":"index","follow":"follow","max-snippet":"max-snippet:-1","max-image-preview":"max-image-preview:large","max-video-preview":"max-video-preview:-1"},"canonical":"https:\/\/www.laninia.com\/es\/","og_locale":"es_ES","og_type":"article","og_title":"Ninia - Ni&ntilde;a","og_description":"Breaking news Independent global advertising agency Tombras announced today the acquisition of Ni\u00f1a, the renowned Buenos Aires hot shop. This strategic move aims to increase Tombras\u2019 global footprint, taps the agency into the acclaimed Argentinian talent market, and provides new growth opportunities. La agencia global de publicidad independiente Tombras anunci\u00f3 hoy la adquisici\u00f3n de Ni\u00f1a, &hellip; Ninia Leer m\u00e1s &raquo;","og_url":"https:\/\/www.laninia.com\/es\/","og_site_name":"Ni&ntilde;a","article_modified_time":"2024-08-15T10:15:24+00:00","og_image":[{"url":"https:\/\/www.laninia.com\/wp-content\/uploads\/2024\/08\/WEB-TOMBRASNIN\u0303A-ai.png"}],"twitter_card":"summary_large_image","twitter_misc":{"Tiempo de lectura":"2 minutos"},"schema":{"@context":"https:\/\/schema.org","@graph":[{"@type":"WebSite","@id":"https:\/\/www.laninia.com\/#website","url":"https:\/\/www.laninia.com\/","name":"Ni&ntilde;a","description":"","potentialAction":[{"@type":"SearchAction","target":{"@type":"EntryPoint","urlTemplate":"https:\/\/www.laninia.com\/?s={search_term_string}"},"query-input":"required name=search_term_string"}],"inLanguage":"es"},{"@type":"ImageObject","@id":"https:\/\/www.laninia.com\/#primaryimage","inLanguage":"es","url":"https:\/\/www.laninia.com\/wp-content\/uploads\/2024\/08\/WEB-TOMBRASNIN\u0303A-ai.png","contentUrl":"https:\/\/www.laninia.com\/wp-content\/uploads\/2024\/08\/WEB-TOMBRASNIN\u0303A-ai.png","width":280,"height":69},{"@type":"WebPage","@id":"https:\/\/www.laninia.com\/#webpage","url":"https:\/\/www.laninia.com\/","name":"Ninia - Ni&ntilde;a","isPartOf":{"@id":"https:\/\/www.laninia.com\/#website"},"primaryImageOfPage":{"@id":"https:\/\/www.laninia.com\/#primaryimage"},"datePublished":"2024-08-14T19:40:02+00:00","dateModified":"2024-08-15T10:15:24+00:00","breadcrumb":{"@id":"https:\/\/www.laninia.com\/#breadcrumb"},"inLanguage":"es","potentialAction":[{"@type":"ReadAction","target":["https:\/\/www.laninia.com\/"]}]},{"@type":"BreadcrumbList","@id":"https:\/\/www.laninia.com\/#breadcrumb","itemListElement":[{"@type":"ListItem","position":1,"name":"Inicio","item":"https:\/\/www.laninia.com\/"},{"@type":"ListItem","position":2,"name":"Ninia"}]}]}},"uagb_featured_image_src":{"full":false,"thumbnail":false,"medium":false,"medium_large":false,"large":false,"master_addons_team_thumb":false,"1536x1536":false,"2048x2048":false,"trp-custom-language-flag":false},"uagb_author_info":{"display_name":"adminninia","author_link":"https:\/\/www.laninia.com\/es\/author\/adminninia\/"},"uagb_comment_info":0,"uagb_excerpt":"Breaking news Independent global advertising agency Tombras announced today the acquisition of Ni\u00f1a, the renowned Buenos Aires hot shop. This strategic move aims to increase Tombras\u2019 global footprint, taps the agency into the acclaimed Argentinian talent market, and provides new growth opportunities. La agencia global de publicidad independiente Tombras anunci\u00f3 hoy la adquisici\u00f3n de Ni\u00f1a,&hellip;","_links":{"self":[{"href":"https:\/\/www.laninia.com\/es\/wp-json\/wp\/v2\/pages\/3300"}],"collection":[{"href":"https:\/\/www.laninia.com\/es\/wp-json\/wp\/v2\/pages"}],"about":[{"href":"https:\/\/www.laninia.com\/es\/wp-json\/wp\/v2\/types\/page"}],"author":[{"embeddable":true,"href":"https:\/\/www.laninia.com\/es\/wp-json\/wp\/v2\/users\/1"}],"replies":[{"embeddable":true,"href":"https:\/\/www.laninia.com\/es\/wp-json\/wp\/v2\/comments?post=3300"}],"version-history":[{"count":0,"href":"https:\/\/www.laninia.com\/es\/wp-json\/wp\/v2\/pages\/3300\/revisions"}],"wp:attachment":[{"href":"https:\/\/www.laninia.com\/es\/wp-json\/wp\/v2\/media?parent=3300"}],"curies":[{"name":"wp","href":"https:\/\/api.w.org\/{rel}","templated":true}]}}